{"id":8419,"date":"2014-01-13T20:54:32","date_gmt":"2014-01-13T23:54:32","guid":{"rendered":"http:\/\/irgamers.cl\/index\/?page_id=8419"},"modified":"2014-02-19T21:47:13","modified_gmt":"2014-02-20T00:47:13","slug":"comienza-a-escribir-en-irgamers-y-gana-premios","status":"publish","type":"page","link":"https:\/\/irgamers.cl\/index\/comienza-a-escribir-en-irgamers-y-gana-premios\/","title":{"rendered":"Sistema de recompensas"},"content":{"rendered":"<p style=\"text-align: justify;\">Con el fin de incentivar a nuestros usuarios a que escriban en la pagina, a partir de este a\u00f1o incorporaremos un sistema de <em>awards\/<\/em>regalos para premiar a quienes sean los m\u00e1s comprometidos y motivados. La din\u00e1mica es sencilla: Cada mes se premiar\u00e1 al autor del articulo de Circulo IR con m\u00e1s visitas. Los premios correspondientes a ese mes se anunciar\u00e1n a mediados de este y se entregaran en el siguiente mes antes de comenzar un nuevo proceso, <strong>d\u00e1ndole al ganador la posibilidad de escoger uno dentro de los disponibles.<\/strong><\/p>\n<p style=\"text-align: justify;\">Dentro de los premios que otorgaremos habr\u00e1n:<\/p>\n<h1 style=\"text-align: justify;\"><strong>VIDEOJUEGOS<\/strong><\/h1>\n<p style=\"text-align: center;\"><a href=\"http:\/\/irgamers.cl\/index\/wp-content\/uploads\/2014\/01\/Juegos.jpg\"><img fetchpriority=\"high\" decoding=\"async\" class=\" wp-image-8422 alignnone\" alt=\"Juegos\" src=\"http:\/\/irgamers.cl\/index\/wp-content\/uploads\/2014\/01\/Juegos-1024x772.jpg\" width=\"589\" height=\"445\" srcset=\"https:\/\/irgamers.cl\/index\/wp-content\/uploads\/2014\/01\/Juegos-1024x772.jpg 1024w, https:\/\/irgamers.cl\/index\/wp-content\/uploads\/2014\/01\/Juegos-300x226.jpg 300w, https:\/\/irgamers.cl\/index\/wp-content\/uploads\/2014\/01\/Juegos-250x189.jpg 250w, https:\/\/irgamers.cl\/index\/wp-content\/uploads\/2014\/01\/Juegos.jpg 1200w\" sizes=\"(max-width: 589px) 100vw, 589px\" \/><\/a><br \/>\nPremio tanto en formato digital como en formato f\u00edsico.<\/p>\n<h1>PIXEL ARTS<\/h1>\n<p style=\"text-align: center;\"><img decoding=\"async\" class=\"size-full wp-image-8424 aligncenter\" alt=\"ripten_pixel_art\" src=\"http:\/\/irgamers.cl\/index\/wp-content\/uploads\/2014\/01\/ripten_pixel_art.jpg\" width=\"440\" height=\"306\" srcset=\"https:\/\/irgamers.cl\/index\/wp-content\/uploads\/2014\/01\/ripten_pixel_art.jpg 440w, https:\/\/irgamers.cl\/index\/wp-content\/uploads\/2014\/01\/ripten_pixel_art-300x209.jpg 300w, https:\/\/irgamers.cl\/index\/wp-content\/uploads\/2014\/01\/ripten_pixel_art-250x174.jpg 250w\" sizes=\"(max-width: 440px) 100vw, 440px\" \/><br \/>\nPorque son simplemente hermosos<\/p>\n<h1>C\u00d3DIGOS DE PSN Y XBOX LIVE<\/h1>\n<p style=\"text-align: center;\"><a href=\"http:\/\/irgamers.cl\/index\/wp-content\/uploads\/2014\/01\/PSN-Xbox.jpg\"><img decoding=\"async\" class=\" wp-image-8425 aligncenter\" alt=\"PSN-Xbox\" src=\"http:\/\/irgamers.cl\/index\/wp-content\/uploads\/2014\/01\/PSN-Xbox.jpg\" width=\"591\" height=\"324\" srcset=\"https:\/\/irgamers.cl\/index\/wp-content\/uploads\/2014\/01\/PSN-Xbox.jpg 591w, https:\/\/irgamers.cl\/index\/wp-content\/uploads\/2014\/01\/PSN-Xbox-300x164.jpg 300w, https:\/\/irgamers.cl\/index\/wp-content\/uploads\/2014\/01\/PSN-Xbox-250x137.jpg 250w\" sizes=\"(max-width: 591px) 100vw, 591px\" \/><\/a><br \/>\nValidos por membresias, USD y pesos Microsoft.<\/p>\n<h1>RIOT POINTS<\/h1>\n<p style=\"text-align: center;\"><a href=\"http:\/\/irgamers.cl\/index\/wp-content\/uploads\/2014\/01\/riot.png\"><img loading=\"lazy\" decoding=\"async\" class=\"alignnone size-full wp-image-8426\" alt=\"riot\" src=\"http:\/\/irgamers.cl\/index\/wp-content\/uploads\/2014\/01\/riot.png\" width=\"584\" height=\"373\" srcset=\"https:\/\/irgamers.cl\/index\/wp-content\/uploads\/2014\/01\/riot.png 584w, https:\/\/irgamers.cl\/index\/wp-content\/uploads\/2014\/01\/riot-300x192.png 300w, https:\/\/irgamers.cl\/index\/wp-content\/uploads\/2014\/01\/riot-250x160.png 250w\" sizes=\"(max-width: 584px) 100vw, 584px\" \/><\/a><br \/>\nValidos para quienes jueguen en LAS<\/p>\n<h1><span style=\"color: #ffcc00;\"><span style=\"text-decoration: underline;\"><em><strong> Pro Tips:<\/strong><\/em><\/span><br \/>\n<\/span><\/h1>\n<ol>\n<li>Mientras antes publiques tu articulo, mas tiempo estar\u00e1 recibiendo visitas durante el mes.<\/li>\n<li>Mientras mejor hecho est\u00e9 tu articulo, mas posibilidades de que lo destaquemos en la p\u00e1gina y de que reciba mayor atenci\u00f3n.<\/li>\n<li>Mientras m\u00e1s atractivo sea el contenido, m\u00e1s posibilidades tendr\u00e1 de viralizarse.<\/li>\n<\/ol>\n<h2><span style=\"color: #ff0000;\"><strong>\u00bfComo comienzo a escribir?<\/strong><\/span><\/h2>\n<p>F\u00e1cil, revisa nuestro articulo <a title=\"Circulo IR\" href=\"http:\/\/irgamers.cl\/index\/unete-al-circulo\/\" target=\"_blank\"><strong>\u00danete al Circulo<\/strong><\/a> para descubrirlo y recuerda editar tu perfil con este <strong><a title=\"Circulo IR\" href=\"http:\/\/irgamers.cl\/index\/circulo-ir-edita-tu-perfil\/\" target=\"_blank\">tutorial<\/a>.<\/strong><\/p>\n<h1 style=\"text-align: center;\">La invitaci\u00f3n esta hecha, participen!<\/h1>\n","protected":false},"excerpt":{"rendered":"<p>Con el fin de incentivar a nuestros usuarios a que escriban en la pagina, a partir de este a\u00f1o incorporaremos un sistema de awards\/regalos para premiar a quienes sean los m\u00e1s comprometidos y motivados. La din\u00e1mica es sencilla: Cada mes se premiar\u00e1 al autor del articulo de Circulo IR con m\u00e1s visitas. Los premios correspondientes<\/p>\n","protected":false},"author":4,"featured_media":8433,"parent":0,"menu_order":0,"comment_status":"open","ping_status":"closed","template":"","meta":{"om_disable_all_campaigns":false,"_monsterinsights_skip_tracking":false,"_monsterinsights_sitenote_active":false,"_monsterinsights_sitenote_note":"","_monsterinsights_sitenote_category":0,"footnotes":""},"class_list":["post-8419","page","type-page","status-publish","has-post-thumbnail"],"aioseo_notices":[],"_links":{"self":[{"href":"https:\/\/irgamers.cl\/index\/wp-json\/wp\/v2\/pages\/8419","targetHints":{"allow":["GET"]}}],"collection":[{"href":"https:\/\/irgamers.cl\/index\/wp-json\/wp\/v2\/pages"}],"about":[{"href":"https:\/\/irgamers.cl\/index\/wp-json\/wp\/v2\/types\/page"}],"author":[{"embeddable":true,"href":"https:\/\/irgamers.cl\/index\/wp-json\/wp\/v2\/users\/4"}],"replies":[{"embeddable":true,"href":"https:\/\/irgamers.cl\/index\/wp-json\/wp\/v2\/comments?post=8419"}],"version-history":[{"count":11,"href":"https:\/\/irgamers.cl\/index\/wp-json\/wp\/v2\/pages\/8419\/revisions"}],"predecessor-version":[{"id":8563,"href":"https:\/\/irgamers.cl\/index\/wp-json\/wp\/v2\/pages\/8419\/revisions\/8563"}],"wp:featuredmedia":[{"embeddable":true,"href":"https:\/\/irgamers.cl\/index\/wp-json\/wp\/v2\/media\/8433"}],"wp:attachment":[{"href":"https:\/\/irgamers.cl\/index\/wp-json\/wp\/v2\/media?parent=8419"}],"curies":[{"name":"wp","href":"https:\/\/api.w.org\/{rel}","templated":true}]}}