{"id":17091,"date":"2018-05-13T21:13:07","date_gmt":"2018-05-14T01:13:07","guid":{"rendered":"http:\/\/irgamers.cl\/index\/?page_id=17091"},"modified":"2020-10-06T16:11:41","modified_gmt":"2020-10-06T19:11:41","slug":"nuestro-contenido","status":"publish","type":"page","link":"https:\/\/irgamers.cl\/index\/nuestro-contenido\/","title":{"rendered":"Nuestro Contenido"},"content":{"rendered":"<p><a href=\"https:\/\/www.youtube.com\/watch?v=0s6o1vjhEak&amp;list=PLChCRy2-69H848aiLJOthp-p9LkeTCCtk\" target=\"_blank\" rel=\"noopener\"><img fetchpriority=\"high\" decoding=\"async\" class=\"alignleft wp-image-17127 size-medium\" src=\"https:\/\/irgamers.cl\/index\/wp-content\/uploads\/2018\/05\/Banner-IRPodcast-300x169.jpg\" alt=\"\" width=\"300\" height=\"169\" srcset=\"https:\/\/irgamers.cl\/index\/wp-content\/uploads\/2018\/05\/Banner-IRPodcast-300x169.jpg 300w, https:\/\/irgamers.cl\/index\/wp-content\/uploads\/2018\/05\/Banner-IRPodcast-768x432.jpg 768w, https:\/\/irgamers.cl\/index\/wp-content\/uploads\/2018\/05\/Banner-IRPodcast-1024x576.jpg 1024w, https:\/\/irgamers.cl\/index\/wp-content\/uploads\/2018\/05\/Banner-IRPodcast-250x141.jpg 250w, https:\/\/irgamers.cl\/index\/wp-content\/uploads\/2018\/05\/Banner-IRPodcast.jpg 1280w\" sizes=\"(max-width: 300px) 100vw, 300px\" \/><\/a><\/p>\n<h4><span style=\"color: #000000;\"><strong><a style=\"color: #000000;\" href=\"https:\/\/www.youtube.com\/playlist?list=PLChCRy2-69H848aiLJOthp-p9LkeTCCtk\" target=\"_blank\" rel=\"noopener\"><br \/>\nIRPodcast<\/a><\/strong><\/span><\/h4>\n<p style=\"text-align: justify;\">Cada \u00faltimo viernes del mes, dos amigos se re\u00fanen a conversar los temas m\u00e1s relevantes de la cultura gamer en lo que es el centro y origen de todo lo relacionado a IRGamers.<\/p>\n<p>&nbsp;<\/p>\n<p><a href=\"https:\/\/www.youtube.com\/watch?v=6dsUoLRjYx4&amp;list=PLChCRy2-69H-ZrzuAX9GtZLP0m_JFxZlW\" target=\"_blank\" rel=\"noopener\"><img decoding=\"async\" class=\"alignleft wp-image-17128 size-medium\" src=\"http:\/\/irgamers.cl\/index\/wp-content\/uploads\/2018\/05\/Banner-Neme-Sempai-300x169.jpg\" alt=\"\" width=\"300\" height=\"169\" srcset=\"https:\/\/irgamers.cl\/index\/wp-content\/uploads\/2018\/05\/Banner-Neme-Sempai-300x169.jpg 300w, https:\/\/irgamers.cl\/index\/wp-content\/uploads\/2018\/05\/Banner-Neme-Sempai-768x432.jpg 768w, https:\/\/irgamers.cl\/index\/wp-content\/uploads\/2018\/05\/Banner-Neme-Sempai-1024x576.jpg 1024w, https:\/\/irgamers.cl\/index\/wp-content\/uploads\/2018\/05\/Banner-Neme-Sempai-250x141.jpg 250w, https:\/\/irgamers.cl\/index\/wp-content\/uploads\/2018\/05\/Banner-Neme-Sempai.jpg 1280w\" sizes=\"(max-width: 300px) 100vw, 300px\" \/><\/a><\/p>\n<h4><span style=\"color: #000000;\"><strong><br \/>\n<span style=\"color: #000000;\"><a style=\"color: #000000;\" href=\"https:\/\/www.youtube.com\/playlist?list=PLChCRy2-69H-ZrzuAX9GtZLP0m_JFxZlW\" target=\"_blank\" rel=\"noopener\">Neme Sempai Series<\/a><\/span><\/strong><\/span><\/h4>\n<p style=\"text-align: justify;\">Cada mi\u00e9rcoles, Nemesis contin\u00faa con su incansable camino a convertirse en el mejor de todos en VGC. Garantizado que aprender\u00e1s una o dos cosas de Pok\u00e9mon.<\/p>\n<p>&nbsp;<\/p>\n<p><a href=\"https:\/\/www.youtube.com\/watch?v=iTNHVT4VlxE&amp;list=PLChCRy2-69H-xWhO2EE-EtXanSDNaCXbf&amp;index=1&amp;t=271s\" target=\"_blank\" rel=\"noopener\"><img decoding=\"async\" class=\"alignleft wp-image-17776 size-medium\" src=\"https:\/\/irgamers.cl\/index\/wp-content\/uploads\/2020\/10\/Banner-Zoom-Competitivo-300x169.jpg\" alt=\"\" width=\"300\" height=\"169\" srcset=\"https:\/\/irgamers.cl\/index\/wp-content\/uploads\/2020\/10\/Banner-Zoom-Competitivo-300x169.jpg 300w, https:\/\/irgamers.cl\/index\/wp-content\/uploads\/2020\/10\/Banner-Zoom-Competitivo-768x432.jpg 768w, https:\/\/irgamers.cl\/index\/wp-content\/uploads\/2020\/10\/Banner-Zoom-Competitivo-1024x576.jpg 1024w, https:\/\/irgamers.cl\/index\/wp-content\/uploads\/2020\/10\/Banner-Zoom-Competitivo-250x141.jpg 250w, https:\/\/irgamers.cl\/index\/wp-content\/uploads\/2020\/10\/Banner-Zoom-Competitivo.jpg 1280w\" sizes=\"(max-width: 300px) 100vw, 300px\" \/><\/a><\/p>\n<h4><span style=\"color: #000000;\"><strong><br \/>\n<span style=\"color: #000000;\"><a style=\"color: #000000;\" href=\"https:\/\/www.youtube.com\/watch?v=iTNHVT4VlxE&amp;list=PLChCRy2-69H-xWhO2EE-EtXanSDNaCXbf&amp;index=1&amp;t=271s\">Zoom Competitivo<\/a><\/span><\/strong><\/span><\/h4>\n<p style=\"text-align: justify;\">Cada martes en Twitch y jueves en YouTube, Nemesis y Homero revisan los resultados de las principales competiciones Pok\u00e9mon tanto a nivel local, LATAM e internacional.<\/p>\n<p>&nbsp;<\/p>\n<p><a href=\"https:\/\/www.youtube.com\/watch?v=T0N6BHczjq0&amp;list=PLChCRy2-69H-wie9X1eCXsLhj5PTUa0Pw&amp;index=1&amp;t=7s\" target=\"_blank\" rel=\"noopener\"><img loading=\"lazy\" decoding=\"async\" class=\"alignleft wp-image-17778 size-medium\" src=\"https:\/\/irgamers.cl\/index\/wp-content\/uploads\/2020\/10\/Banner-Highlight-IR-300x169.jpg\" alt=\"\" width=\"300\" height=\"169\" srcset=\"https:\/\/irgamers.cl\/index\/wp-content\/uploads\/2020\/10\/Banner-Highlight-IR-300x169.jpg 300w, https:\/\/irgamers.cl\/index\/wp-content\/uploads\/2020\/10\/Banner-Highlight-IR-768x432.jpg 768w, https:\/\/irgamers.cl\/index\/wp-content\/uploads\/2020\/10\/Banner-Highlight-IR-1024x576.jpg 1024w, https:\/\/irgamers.cl\/index\/wp-content\/uploads\/2020\/10\/Banner-Highlight-IR-250x141.jpg 250w, https:\/\/irgamers.cl\/index\/wp-content\/uploads\/2020\/10\/Banner-Highlight-IR.jpg 1280w\" sizes=\"(max-width: 300px) 100vw, 300px\" \/><\/a><\/p>\n<h4><span style=\"color: #000000;\"><strong><br \/>\n<span style=\"color: #000000;\"><a style=\"color: #000000;\" href=\"https:\/\/www.youtube.com\/watch?v=T0N6BHczjq0&amp;list=PLChCRy2-69H-wie9X1eCXsLhj5PTUa0Pw&amp;index=1&amp;t=7s\">Highlight IR<\/a><\/span><\/strong><\/span><\/h4>\n<p style=\"text-align: justify;\">Cada mes, revive alguno de los momentos m\u00e1s destacados de nuestro contenido audiovisual. Desde Arvehype hasta Aero siendo descubierto probando Porno VR.<\/p>\n<p>&nbsp;<\/p>\n<p><a href=\"https:\/\/www.youtube.com\/watch?v=WLbKmj_RuNI&amp;list=PLChCRy2-69H-FGxr_PdbLbAGZ9IXGHFSd&amp;index=1&amp;t=2s\" target=\"_blank\" rel=\"noopener\"><img loading=\"lazy\" decoding=\"async\" class=\"alignleft wp-image-17777 size-medium\" src=\"https:\/\/irgamers.cl\/index\/wp-content\/uploads\/2020\/10\/Banner-Te-Contamos-300x169.jpg\" alt=\"\" width=\"300\" height=\"169\" srcset=\"https:\/\/irgamers.cl\/index\/wp-content\/uploads\/2020\/10\/Banner-Te-Contamos-300x169.jpg 300w, https:\/\/irgamers.cl\/index\/wp-content\/uploads\/2020\/10\/Banner-Te-Contamos-768x432.jpg 768w, https:\/\/irgamers.cl\/index\/wp-content\/uploads\/2020\/10\/Banner-Te-Contamos-1024x576.jpg 1024w, https:\/\/irgamers.cl\/index\/wp-content\/uploads\/2020\/10\/Banner-Te-Contamos-250x141.jpg 250w, https:\/\/irgamers.cl\/index\/wp-content\/uploads\/2020\/10\/Banner-Te-Contamos.jpg 1280w\" sizes=\"(max-width: 300px) 100vw, 300px\" \/><\/a><\/p>\n<h4><span style=\"color: #000000;\"><strong><br \/>\n<span style=\"color: #000000;\"><a style=\"color: #000000;\" href=\"https:\/\/www.youtube.com\/watch?v=WLbKmj_RuNI&amp;list=PLChCRy2-69H-FGxr_PdbLbAGZ9IXGHFSd&amp;index=1&amp;t=2s\">Te Contamos<\/a><\/span><\/strong><\/span><\/h4>\n<p style=\"text-align: justify;\">Te Contamos es un contenido que se estrena por temporadas, en donde te enumeramos distintas cosas sin un orden espec\u00edfico. Disponible la primera temporada completa.<\/p>\n<p>&nbsp;<\/p>\n<p><a href=\"https:\/\/www.youtube.com\/watch?v=2pbupsfNh3s&amp;list=PLChCRy2-69H9OEg1ZE9Mr5DoGOp3q8kQV&amp;index=1&amp;t=7s\" target=\"_blank\" rel=\"noopener\"><img loading=\"lazy\" decoding=\"async\" class=\"alignleft wp-image-17779 size-medium\" src=\"https:\/\/irgamers.cl\/index\/wp-content\/uploads\/2020\/10\/Banner-VGC-Recap-300x169.jpg\" alt=\"\" width=\"300\" height=\"169\" srcset=\"https:\/\/irgamers.cl\/index\/wp-content\/uploads\/2020\/10\/Banner-VGC-Recap-300x169.jpg 300w, https:\/\/irgamers.cl\/index\/wp-content\/uploads\/2020\/10\/Banner-VGC-Recap-768x432.jpg 768w, https:\/\/irgamers.cl\/index\/wp-content\/uploads\/2020\/10\/Banner-VGC-Recap-1024x576.jpg 1024w, https:\/\/irgamers.cl\/index\/wp-content\/uploads\/2020\/10\/Banner-VGC-Recap-250x141.jpg 250w, https:\/\/irgamers.cl\/index\/wp-content\/uploads\/2020\/10\/Banner-VGC-Recap.jpg 1280w\" sizes=\"(max-width: 300px) 100vw, 300px\" \/><\/a><\/p>\n<h4><span style=\"color: #000000;\"><strong><br \/>\n<span style=\"color: #000000;\"><a style=\"color: #000000;\" href=\"https:\/\/www.youtube.com\/watch?v=2pbupsfNh3s&amp;list=PLChCRy2-69H9OEg1ZE9Mr5DoGOp3q8kQV&amp;index=1&amp;t=7s\">Neme Sempai VGC Recap<\/a><\/span><\/strong><\/span><\/h4>\n<p style=\"text-align: justify;\">Un recuento por toda la historia del Pok\u00e9mon VGC, desde la temporada 2014 del juego competitivo hasta hoy. Incluye entrevistas exclusivas y repasos al por menor de cada a\u00f1o.<\/p>\n<p>&nbsp;<\/p>\n<p><img loading=\"lazy\" decoding=\"async\" class=\"alignleft wp-image-17382 size-medium\" src=\"http:\/\/irgamers.cl\/index\/wp-content\/uploads\/2018\/10\/Banner-Dos-Centavos-300x169.jpg\" alt=\"\" width=\"300\" height=\"169\" srcset=\"https:\/\/irgamers.cl\/index\/wp-content\/uploads\/2018\/10\/Banner-Dos-Centavos-300x169.jpg 300w, https:\/\/irgamers.cl\/index\/wp-content\/uploads\/2018\/10\/Banner-Dos-Centavos-768x432.jpg 768w, https:\/\/irgamers.cl\/index\/wp-content\/uploads\/2018\/10\/Banner-Dos-Centavos-1024x576.jpg 1024w, https:\/\/irgamers.cl\/index\/wp-content\/uploads\/2018\/10\/Banner-Dos-Centavos-250x141.jpg 250w, https:\/\/irgamers.cl\/index\/wp-content\/uploads\/2018\/10\/Banner-Dos-Centavos.jpg 1280w\" sizes=\"(max-width: 300px) 100vw, 300px\" \/><\/p>\n<h4><span style=\"color: #000000;\"><strong><a style=\"color: #000000;\" href=\"https:\/\/www.youtube.com\/playlist?list=PLChCRy2-69H9jgje6_X38C6_ODkOoTI4p\" target=\"_blank\" rel=\"noopener\"><br \/>\nDos Centavos<\/a><\/strong><\/span><\/h4>\n<p style=\"text-align: justify;\">Con ocho episodios en su primera temporada, Dos Centavos es un espacio en que entregamos nuestra opini\u00f3n acerca de los temas que m\u00e1s nos interesan, aunque nadie nos la pida.<\/p>\n<p>&nbsp;<\/p>\n<p><a href=\"https:\/\/www.youtube.com\/watch?v=WGZOKmkveJ8&amp;list=PLChCRy2-69H9_8Yctji-eAAJHoiL5ncIZ\" target=\"_blank\" rel=\"noopener\"><img loading=\"lazy\" decoding=\"async\" class=\"alignleft wp-image-17129 size-medium\" src=\"http:\/\/irgamers.cl\/index\/wp-content\/uploads\/2018\/05\/Banner-The-Pokemon-Podcast-300x169.jpg\" alt=\"\" width=\"300\" height=\"169\" srcset=\"https:\/\/irgamers.cl\/index\/wp-content\/uploads\/2018\/05\/Banner-The-Pokemon-Podcast-300x169.jpg 300w, https:\/\/irgamers.cl\/index\/wp-content\/uploads\/2018\/05\/Banner-The-Pokemon-Podcast-768x432.jpg 768w, https:\/\/irgamers.cl\/index\/wp-content\/uploads\/2018\/05\/Banner-The-Pokemon-Podcast-1024x576.jpg 1024w, https:\/\/irgamers.cl\/index\/wp-content\/uploads\/2018\/05\/Banner-The-Pokemon-Podcast-250x141.jpg 250w, https:\/\/irgamers.cl\/index\/wp-content\/uploads\/2018\/05\/Banner-The-Pokemon-Podcast.jpg 1280w\" sizes=\"(max-width: 300px) 100vw, 300px\" \/><\/a><\/p>\n<h4><span style=\"color: #000000;\"><strong><br \/>\n<a style=\"color: #000000;\" href=\"https:\/\/www.youtube.com\/playlist?list=PLChCRy2-69H9_8Yctji-eAAJHoiL5ncIZ\" target=\"_blank\" rel=\"noopener\">The Pok\u00e9mon Podcast<\/a><\/strong><\/span><\/h4>\n<p style=\"text-align: justify;\">Cada \u00faltimo mi\u00e9rcoles del mes, es momento de sentarnos a conversar seriamente del acontecer Pok\u00e9mon y su escena competitiva.<\/p>\n<p>&nbsp;<\/p>\n<p>&nbsp;<\/p>\n<p style=\"text-align: justify;\">\n","protected":false},"excerpt":{"rendered":"<p>IRPodcast Cada \u00faltimo viernes del mes, dos amigos se re\u00fanen a conversar los temas m\u00e1s relevantes de la cultura gamer en lo que es el centro y origen de todo lo relacionado a IRGamers. &nbsp; Neme Sempai Series Cada mi\u00e9rcoles, Nemesis contin\u00faa con su incansable camino a convertirse en el mejor de todos en VGC.<\/p>\n","protected":false},"author":4,"featured_media":0,"parent":0,"menu_order":0,"comment_status":"closed","ping_status":"closed","template":"","meta":{"om_disable_all_campaigns":false,"_monsterinsights_skip_tracking":false,"_monsterinsights_sitenote_active":false,"_monsterinsights_sitenote_note":"","_monsterinsights_sitenote_category":0,"footnotes":""},"class_list":["post-17091","page","type-page","status-publish"],"aioseo_notices":[],"_links":{"self":[{"href":"https:\/\/irgamers.cl\/index\/wp-json\/wp\/v2\/pages\/17091","targetHints":{"allow":["GET"]}}],"collection":[{"href":"https:\/\/irgamers.cl\/index\/wp-json\/wp\/v2\/pages"}],"about":[{"href":"https:\/\/irgamers.cl\/index\/wp-json\/wp\/v2\/types\/page"}],"author":[{"embeddable":true,"href":"https:\/\/irgamers.cl\/index\/wp-json\/wp\/v2\/users\/4"}],"replies":[{"embeddable":true,"href":"https:\/\/irgamers.cl\/index\/wp-json\/wp\/v2\/comments?post=17091"}],"version-history":[{"count":35,"href":"https:\/\/irgamers.cl\/index\/wp-json\/wp\/v2\/pages\/17091\/revisions"}],"predecessor-version":[{"id":17784,"href":"https:\/\/irgamers.cl\/index\/wp-json\/wp\/v2\/pages\/17091\/revisions\/17784"}],"wp:attachment":[{"href":"https:\/\/irgamers.cl\/index\/wp-json\/wp\/v2\/media?parent=17091"}],"curies":[{"name":"wp","href":"https:\/\/api.w.org\/{rel}","templated":true}]}}